{"id":474,"date":"2024-08-03T04:23:14","date_gmt":"2024-08-03T04:23:14","guid":{"rendered":"https:\/\/webparatodos.com.co\/zela2.0\/?page_id=474"},"modified":"2024-09-27T22:55:14","modified_gmt":"2024-09-27T22:55:14","slug":"equipo-de-liderazgo","status":"publish","type":"page","link":"https:\/\/zelasas.com\/index.php\/equipo-de-liderazgo\/","title":{"rendered":"Equipo de liderazgo"},"content":{"rendered":"\t\t<div data-elementor-type=\"wp-page\" data-elementor-id=\"474\" class=\"elementor elementor-474\" data-elementor-post-type=\"page\">\n\t\t\t\t<div class=\"elementor-element elementor-element-732313e1 e-flex e-con-boxed e-con e-parent\" data-id=\"732313e1\" data-element_type=\"container\">\n\t\t\t\t\t<div class=\"e-con-inner\">\n\t\t<div class=\"elementor-element elementor-element-226a06f3 e-con-full e-flex e-con e-child\" data-id=\"226a06f3\" data-element_type=\"container\">\n\t\t\t\t<div class=\"elementor-element elementor-element-35ee013 elementor-widget elementor-widget-image\" data-id=\"35ee013\" data-element_type=\"widget\" data-widget_type=\"image.default\">\n\t\t\t\t<div class=\"elementor-widget-container\">\n\t\t\t\t\t\t\t\t\t\t\t\t\t\t\t<img fetchpriority=\"high\" decoding=\"async\" width=\"1280\" height=\"807\" src=\"https:\/\/zelasas.com\/wp-content\/uploads\/2024\/09\/teamwork-3213924_1280.jpg\" class=\"attachment-full size-full wp-image-2188\" alt=\"\" srcset=\"https:\/\/zelasas.com\/wp-content\/uploads\/2024\/09\/teamwork-3213924_1280.jpg 1280w, https:\/\/zelasas.com\/wp-content\/uploads\/2024\/09\/teamwork-3213924_1280-300x189.jpg 300w, https:\/\/zelasas.com\/wp-content\/uploads\/2024\/09\/teamwork-3213924_1280-1024x646.jpg 1024w, https:\/\/zelasas.com\/wp-content\/uploads\/2024\/09\/teamwork-3213924_1280-768x484.jpg 768w\" sizes=\"(max-width: 1280px) 100vw, 1280px\" \/>\t\t\t\t\t\t\t\t\t\t\t\t\t\t\t<\/div>\n\t\t\t\t<\/div>\n\t\t\t\t<\/div>\n\t\t<div class=\"elementor-element elementor-element-475fd4e9 e-con-full e-flex e-con e-child\" data-id=\"475fd4e9\" data-element_type=\"container\">\n\t\t\t\t<div class=\"elementor-element elementor-element-44950522 elementor-widget elementor-widget-heading\" data-id=\"44950522\" data-element_type=\"widget\" data-widget_type=\"heading.default\">\n\t\t\t\t<div class=\"elementor-widget-container\">\n\t\t\t\t\t<h1 class=\"elementor-heading-title elementor-size-default\">Equipo de liderazgo\n<\/h1>\t\t\t\t<\/div>\n\t\t\t\t<\/div>\n\t\t\t\t<\/div>\n\t\t\t\t\t<\/div>\n\t\t\t\t<\/div>\n\t\t<div class=\"elementor-element elementor-element-1ab4148 e-con-full e-flex e-con e-parent\" data-id=\"1ab4148\" data-element_type=\"container\">\n\t\t<div class=\"elementor-element elementor-element-aaf3953 e-flex e-con-boxed e-con e-child\" data-id=\"aaf3953\" data-element_type=\"container\" data-settings=\"{&quot;background_background&quot;:&quot;classic&quot;}\">\n\t\t\t\t\t<div class=\"e-con-inner\">\n\t\t<div class=\"elementor-element elementor-element-d2b2d1c e-con-full e-flex e-con e-child\" data-id=\"d2b2d1c\" data-element_type=\"container\" data-settings=\"{&quot;background_background&quot;:&quot;classic&quot;,&quot;motion_fx_motion_fx_scrolling&quot;:&quot;yes&quot;,&quot;motion_fx_translateY_effect&quot;:&quot;yes&quot;,&quot;motion_fx_translateY_speed&quot;:{&quot;unit&quot;:&quot;px&quot;,&quot;size&quot;:6,&quot;sizes&quot;:[]},&quot;motion_fx_translateY_affectedRange&quot;:{&quot;unit&quot;:&quot;%&quot;,&quot;size&quot;:&quot;&quot;,&quot;sizes&quot;:{&quot;start&quot;:0,&quot;end&quot;:100}},&quot;motion_fx_devices&quot;:[&quot;widescreen&quot;,&quot;desktop&quot;,&quot;laptop&quot;,&quot;tablet_extra&quot;,&quot;tablet&quot;,&quot;mobile_extra&quot;,&quot;mobile&quot;]}\">\n\t\t<div class=\"elementor-element elementor-element-00beb96 e-con-full e-flex e-con e-child\" data-id=\"00beb96\" data-element_type=\"container\">\n\t\t\t\t<div class=\"elementor-element elementor-element-cb99cbe elementor-widget elementor-widget-image\" data-id=\"cb99cbe\" data-element_type=\"widget\" data-widget_type=\"image.default\">\n\t\t\t\t<div class=\"elementor-widget-container\">\n\t\t\t\t\t\t\t\t\t\t\t\t\t\t\t<img decoding=\"async\" width=\"300\" height=\"300\" src=\"https:\/\/zelasas.com\/wp-content\/uploads\/2024\/07\/fotos-circulos-980x980-1-300x300-1.png\" class=\"attachment-full size-full wp-image-211\" alt=\"\" srcset=\"https:\/\/zelasas.com\/wp-content\/uploads\/2024\/07\/fotos-circulos-980x980-1-300x300-1.png 300w, https:\/\/zelasas.com\/wp-content\/uploads\/2024\/07\/fotos-circulos-980x980-1-300x300-1-150x150.png 150w\" sizes=\"(max-width: 300px) 100vw, 300px\" \/>\t\t\t\t\t\t\t\t\t\t\t\t\t\t\t<\/div>\n\t\t\t\t<\/div>\n\t\t\t\t<\/div>\n\t\t<div class=\"elementor-element elementor-element-34cbb76 e-con-full e-flex e-con e-child\" data-id=\"34cbb76\" data-element_type=\"container\">\n\t\t<div class=\"elementor-element elementor-element-0829367 e-con-full e-flex e-con e-child\" data-id=\"0829367\" data-element_type=\"container\">\n\t\t<div class=\"elementor-element elementor-element-831fd07 e-con-full e-flex e-con e-child\" data-id=\"831fd07\" data-element_type=\"container\" data-settings=\"{&quot;background_background&quot;:&quot;classic&quot;}\">\n\t\t\t\t<div class=\"elementor-element elementor-element-ad80059 elementor-widget elementor-widget-heading\" data-id=\"ad80059\" data-element_type=\"widget\" data-widget_type=\"heading.default\">\n\t\t\t\t<div class=\"elementor-widget-container\">\n\t\t\t\t\t<h2 class=\"elementor-heading-title elementor-size-default\">ANG\u00c9LICA M. L\u00d3PEZ A.<\/h2>\t\t\t\t<\/div>\n\t\t\t\t<\/div>\n\t\t\t\t<div class=\"elementor-element elementor-element-a89c693 elementor-widget elementor-widget-heading\" data-id=\"a89c693\" data-element_type=\"widget\" data-widget_type=\"heading.default\">\n\t\t\t\t<div class=\"elementor-widget-container\">\n\t\t\t\t\t<h2 class=\"elementor-heading-title elementor-size-default\">CEO-Co founder<\/h2>\t\t\t\t<\/div>\n\t\t\t\t<\/div>\n\t\t\t\t<\/div>\n\t\t\t\t<\/div>\n\t\t<div class=\"elementor-element elementor-element-37f58e4 e-con-full e-flex e-con e-child\" data-id=\"37f58e4\" data-element_type=\"container\">\n\t\t\t\t<div class=\"elementor-element elementor-element-4466e27 elementor-widget elementor-widget-text-editor\" data-id=\"4466e27\" data-element_type=\"widget\" data-widget_type=\"text-editor.default\">\n\t\t\t\t<div class=\"elementor-widget-container\">\n\t\t\t\t\t\t\t\t\t<strong>Contadora P\u00fablica (Universidad de Medell\u00edn)<\/strong><br\/>\n<strong>Especialista en Gerencia del Desarrollo Humano (EAFIT)<\/strong><br\/>\n<strong>Diplomado en Gesti\u00f3n de Riesgos (Universidad Sergio Arboleda)<\/strong><br\/>\n<strong>Mag\u00edster en Desarrollo Humano Organizacional (EAFIT)<\/strong><br\/>\n<strong>ANTI MONEY LAUNDERING CERTIFIED ASSOCIATE (AMLCA)-Financial &amp; International Business Association (FIBA)In Partnership with Florida International University (FIU)<\/strong>\t\t\t\t\t\t\t\t<\/div>\n\t\t\t\t<\/div>\n\t\t\t\t<\/div>\n\t\t<div class=\"elementor-element elementor-element-035af3d e-con-full e-flex e-con e-child\" data-id=\"035af3d\" data-element_type=\"container\">\n\t\t\t\t<div class=\"elementor-element elementor-element-f69ca7e elementor-widget elementor-widget-text-editor\" data-id=\"f69ca7e\" data-element_type=\"widget\" data-widget_type=\"text-editor.default\">\n\t\t\t\t<div class=\"elementor-widget-container\">\n\t\t\t\t\t\t\t\t\t<p>En su trayectoria profesional durante m\u00e1s de 25 a\u00f1os, Ang\u00e9lica se desempe\u00f1\u00f3 en diferentes cargos como Gerente de Auditor\u00eda para Price Waterhouse Coopers; Gerente de Contralor\u00eda y Riesgos, Compliance Director y Vicepresidente de Riesgos, para entidades privadas del sector financiero; Oficial de Transparencia y antifraude, asesora de Presidencia para entidad publica. Experiencia como Oficial de Cumplimiento posesionada ante diferentes reguladores.<\/p><p>Ha participado como miembro de Juntas Directivas, Presidente de agremiaci\u00f3n de Oficiales de Cumplimiento y comit\u00e9s de Control Interno, Riesgos\u00a0 y Compliance. Le apasiona la academia y poder compartir conocimiento, de ah\u00ed que ha sido docente e instructora en temas relacionados con la Gesti\u00f3n de Riesgos, Auditor\u00eda, Control Interno y Compliance.<\/p>\t\t\t\t\t\t\t\t<\/div>\n\t\t\t\t<\/div>\n\t\t\t\t<\/div>\n\t\t\t\t<\/div>\n\t\t\t\t<\/div>\n\t\t<div class=\"elementor-element elementor-element-76f2d73 e-con-full e-flex e-con e-child\" data-id=\"76f2d73\" data-element_type=\"container\" data-settings=\"{&quot;motion_fx_motion_fx_scrolling&quot;:&quot;yes&quot;,&quot;motion_fx_translateY_effect&quot;:&quot;yes&quot;,&quot;motion_fx_translateY_speed&quot;:{&quot;unit&quot;:&quot;px&quot;,&quot;size&quot;:1.9,&quot;sizes&quot;:[]},&quot;motion_fx_translateY_affectedRange&quot;:{&quot;unit&quot;:&quot;%&quot;,&quot;size&quot;:&quot;&quot;,&quot;sizes&quot;:{&quot;start&quot;:0,&quot;end&quot;:100}},&quot;motion_fx_devices&quot;:[&quot;widescreen&quot;,&quot;desktop&quot;,&quot;laptop&quot;,&quot;tablet_extra&quot;,&quot;tablet&quot;,&quot;mobile_extra&quot;,&quot;mobile&quot;]}\">\n\t\t\t\t<div class=\"elementor-element elementor-element-4de3c3f e-transform elementor-widget elementor-widget-image\" data-id=\"4de3c3f\" data-element_type=\"widget\" data-settings=\"{&quot;_transform_rotateZ_effect&quot;:{&quot;unit&quot;:&quot;px&quot;,&quot;size&quot;:89,&quot;sizes&quot;:[]},&quot;_transform_rotateZ_effect_widescreen&quot;:{&quot;unit&quot;:&quot;deg&quot;,&quot;size&quot;:&quot;&quot;,&quot;sizes&quot;:[]},&quot;_transform_rotateZ_effect_laptop&quot;:{&quot;unit&quot;:&quot;deg&quot;,&quot;size&quot;:&quot;&quot;,&quot;sizes&quot;:[]},&quot;_transform_rotateZ_effect_tablet_extra&quot;:{&quot;unit&quot;:&quot;deg&quot;,&quot;size&quot;:&quot;&quot;,&quot;sizes&quot;:[]},&quot;_transform_rotateZ_effect_tablet&quot;:{&quot;unit&quot;:&quot;deg&quot;,&quot;size&quot;:&quot;&quot;,&quot;sizes&quot;:[]},&quot;_transform_rotateZ_effect_mobile_extra&quot;:{&quot;unit&quot;:&quot;deg&quot;,&quot;size&quot;:&quot;&quot;,&quot;sizes&quot;:[]},&quot;_transform_rotateZ_effect_mobile&quot;:{&quot;unit&quot;:&quot;deg&quot;,&quot;size&quot;:&quot;&quot;,&quot;sizes&quot;:[]}}\" data-widget_type=\"image.default\">\n\t\t\t\t<div class=\"elementor-widget-container\">\n\t\t\t\t\t\t\t\t\t\t\t\t\t\t\t<img decoding=\"async\" width=\"345\" height=\"397\" src=\"https:\/\/zelasas.com\/wp-content\/uploads\/2024\/08\/molecula.png\" class=\"attachment-full size-full wp-image-658\" alt=\"\" srcset=\"https:\/\/zelasas.com\/wp-content\/uploads\/2024\/08\/molecula.png 345w, https:\/\/zelasas.com\/wp-content\/uploads\/2024\/08\/molecula-261x300.png 261w\" sizes=\"(max-width: 345px) 100vw, 345px\" \/>\t\t\t\t\t\t\t\t\t\t\t\t\t\t\t<\/div>\n\t\t\t\t<\/div>\n\t\t\t\t<\/div>\n\t\t<div class=\"elementor-element elementor-element-fd02e6a e-con-full e-flex e-con e-child\" data-id=\"fd02e6a\" data-element_type=\"container\" data-settings=\"{&quot;background_background&quot;:&quot;classic&quot;,&quot;motion_fx_motion_fx_scrolling&quot;:&quot;yes&quot;,&quot;motion_fx_translateY_effect&quot;:&quot;yes&quot;,&quot;motion_fx_translateY_speed&quot;:{&quot;unit&quot;:&quot;px&quot;,&quot;size&quot;:4,&quot;sizes&quot;:[]},&quot;motion_fx_translateY_affectedRange&quot;:{&quot;unit&quot;:&quot;%&quot;,&quot;size&quot;:&quot;&quot;,&quot;sizes&quot;:{&quot;start&quot;:0,&quot;end&quot;:100}},&quot;motion_fx_devices&quot;:[&quot;widescreen&quot;,&quot;desktop&quot;,&quot;laptop&quot;,&quot;tablet_extra&quot;,&quot;tablet&quot;,&quot;mobile_extra&quot;,&quot;mobile&quot;]}\">\n\t\t<div class=\"elementor-element elementor-element-82cad1a e-con-full e-flex e-con e-child\" data-id=\"82cad1a\" data-element_type=\"container\">\n\t\t\t\t<div class=\"elementor-element elementor-element-c96c896 elementor-widget elementor-widget-image\" data-id=\"c96c896\" data-element_type=\"widget\" data-widget_type=\"image.default\">\n\t\t\t\t<div class=\"elementor-widget-container\">\n\t\t\t\t\t\t\t\t\t\t\t\t\t\t\t<img loading=\"lazy\" decoding=\"async\" width=\"294\" height=\"312\" src=\"https:\/\/zelasas.com\/wp-content\/uploads\/2024\/08\/Juliana.png\" class=\"attachment-full size-full wp-image-647\" alt=\"\" srcset=\"https:\/\/zelasas.com\/wp-content\/uploads\/2024\/08\/Juliana.png 294w, https:\/\/zelasas.com\/wp-content\/uploads\/2024\/08\/Juliana-283x300.png 283w\" sizes=\"(max-width: 294px) 100vw, 294px\" \/>\t\t\t\t\t\t\t\t\t\t\t\t\t\t\t<\/div>\n\t\t\t\t<\/div>\n\t\t\t\t<\/div>\n\t\t<div class=\"elementor-element elementor-element-128136b e-con-full e-flex e-con e-child\" data-id=\"128136b\" data-element_type=\"container\">\n\t\t<div class=\"elementor-element elementor-element-161a359 e-con-full e-flex e-con e-child\" data-id=\"161a359\" data-element_type=\"container\">\n\t\t<div class=\"elementor-element elementor-element-c91e739 e-con-full e-flex e-con e-child\" data-id=\"c91e739\" data-element_type=\"container\" data-settings=\"{&quot;background_background&quot;:&quot;classic&quot;}\">\n\t\t\t\t<div class=\"elementor-element elementor-element-8e241ea elementor-widget elementor-widget-heading\" data-id=\"8e241ea\" data-element_type=\"widget\" data-widget_type=\"heading.default\">\n\t\t\t\t<div class=\"elementor-widget-container\">\n\t\t\t\t\t<h2 class=\"elementor-heading-title elementor-size-default\">JULIANA ORTIZ M.<\/h2>\t\t\t\t<\/div>\n\t\t\t\t<\/div>\n\t\t\t\t<div class=\"elementor-element elementor-element-e658294 elementor-widget elementor-widget-heading\" data-id=\"e658294\" data-element_type=\"widget\" data-widget_type=\"heading.default\">\n\t\t\t\t<div class=\"elementor-widget-container\">\n\t\t\t\t\t<h2 class=\"elementor-heading-title elementor-size-default\">Directora <\/h2>\t\t\t\t<\/div>\n\t\t\t\t<\/div>\n\t\t\t\t<\/div>\n\t\t\t\t<\/div>\n\t\t<div class=\"elementor-element elementor-element-8659efd e-con-full e-flex e-con e-child\" data-id=\"8659efd\" data-element_type=\"container\">\n\t\t\t\t<div class=\"elementor-element elementor-element-c14e6f4 elementor-widget elementor-widget-text-editor\" data-id=\"c14e6f4\" data-element_type=\"widget\" data-widget_type=\"text-editor.default\">\n\t\t\t\t<div class=\"elementor-widget-container\">\n\t\t\t\t\t\t\t\t\t<b>Ingeniera Financiera (Universidad de Medell\u00edn)\n<\/b><br\/><b>Especialista en Finanzas Corporativas (EIA)\n<\/b><br\/><b>Diplomado en Gesti\u00f3n de Riesgos (Universidad Sergio Arboleda)\n<\/b><br\/><strong>ANTI MONEY LAUNDERING CERTIFIED ASSOCIATE (AMLCA)-Financial &amp; International Business Association (FIBA)In Partnership with Florida International University (FIU)<\/strong>\t\t\t\t\t\t\t\t<\/div>\n\t\t\t\t<\/div>\n\t\t\t\t<\/div>\n\t\t<div class=\"elementor-element elementor-element-685b925 e-con-full e-flex e-con e-child\" data-id=\"685b925\" data-element_type=\"container\">\n\t\t\t\t<div class=\"elementor-element elementor-element-9169107 elementor-widget elementor-widget-text-editor\" data-id=\"9169107\" data-element_type=\"widget\" data-widget_type=\"text-editor.default\">\n\t\t\t\t<div class=\"elementor-widget-container\">\n\t\t\t\t\t\t\t\t\tEn su trayectoria profesional durante m\u00e1s de 12 a\u00f1os, Juliana\u00a0 se desempe\u00f1\u00f3 en diferentes cargos para entidades p\u00fablicas y privadas como Directora de Riesgos no Financieros y Coordinadora de SARLAFT para entidades financieras. Experta en riesgos financieros y l\u00edder de equipos en AML &amp; Compliance de entidades financieras p\u00fablicas y privadas.\n\nInstructora en capacitaciones relacionadas con riesgos y Compliance.\t\t\t\t\t\t\t\t<\/div>\n\t\t\t\t<\/div>\n\t\t\t\t<\/div>\n\t\t\t\t<\/div>\n\t\t\t\t<\/div>\n\t\t\t\t\t<\/div>\n\t\t\t\t<\/div>\n\t\t\t\t<\/div>\n\t\t\t\t<\/div>\n\t\t","protected":false},"excerpt":{"rendered":"<p>Equipo de liderazgo ANG\u00c9LICA M. L\u00d3PEZ A. CEO-Co founder Contadora P\u00fablica (Universidad de Medell\u00edn) Especialista en Gerencia del Desarrollo Humano (EAFIT) Diplomado en Gesti\u00f3n de Riesgos (Universidad Sergio Arboleda) Mag\u00edster en Desarrollo Humano Organizacional (EAFIT) ANTI MONEY LAUNDERING CERTIFIED ASSOCIATE (AMLCA)-Financial &amp; International Business Association (FIBA)In Partnership with Florida International University (FIU) En su trayectoria [&hellip;]<\/p>\n","protected":false},"author":1,"featured_media":0,"parent":0,"menu_order":0,"comment_status":"closed","ping_status":"closed","template":"elementor_header_footer","meta":{"footnotes":""},"class_list":["post-474","page","type-page","status-publish","hentry"],"_links":{"self":[{"href":"https:\/\/zelasas.com\/index.php\/wp-json\/wp\/v2\/pages\/474","targetHints":{"allow":["GET"]}}],"collection":[{"href":"https:\/\/zelasas.com\/index.php\/wp-json\/wp\/v2\/pages"}],"about":[{"href":"https:\/\/zelasas.com\/index.php\/wp-json\/wp\/v2\/types\/page"}],"author":[{"embeddable":true,"href":"https:\/\/zelasas.com\/index.php\/wp-json\/wp\/v2\/users\/1"}],"replies":[{"embeddable":true,"href":"https:\/\/zelasas.com\/index.php\/wp-json\/wp\/v2\/comments?post=474"}],"version-history":[{"count":121,"href":"https:\/\/zelasas.com\/index.php\/wp-json\/wp\/v2\/pages\/474\/revisions"}],"predecessor-version":[{"id":2552,"href":"https:\/\/zelasas.com\/index.php\/wp-json\/wp\/v2\/pages\/474\/revisions\/2552"}],"wp:attachment":[{"href":"https:\/\/zelasas.com\/index.php\/wp-json\/wp\/v2\/media?parent=474"}],"curies":[{"name":"wp","href":"https:\/\/api.w.org\/{rel}","templated":true}]}}