{"id":355,"date":"2024-07-30T15:32:04","date_gmt":"2024-07-30T15:32:04","guid":{"rendered":"https:\/\/webparatodos.com.co\/zela2.0\/?page_id=355"},"modified":"2024-10-17T21:42:19","modified_gmt":"2024-10-17T21:42:19","slug":"blog","status":"publish","type":"page","link":"https:\/\/zelasas.com\/index.php\/blog\/","title":{"rendered":"Blog"},"content":{"rendered":"\t\t<div data-elementor-type=\"wp-page\" data-elementor-id=\"355\" class=\"elementor elementor-355\" data-elementor-post-type=\"page\">\n\t\t\t\t<div class=\"elementor-element elementor-element-3f58e99b e-flex e-con-boxed e-con e-parent\" data-id=\"3f58e99b\" data-element_type=\"container\">\n\t\t\t\t\t<div class=\"e-con-inner\">\n\t\t<div class=\"elementor-element elementor-element-14616b3b e-con-full e-flex e-con e-child\" data-id=\"14616b3b\" data-element_type=\"container\">\n\t\t\t\t<div class=\"elementor-element elementor-element-503b0747 elementor-cta--skin-classic elementor-animated-content elementor-bg-transform elementor-bg-transform-zoom-in elementor-widget elementor-widget-call-to-action\" data-id=\"503b0747\" data-element_type=\"widget\" data-widget_type=\"call-to-action.default\">\n\t\t\t\t<div class=\"elementor-widget-container\">\n\t\t\t\t\t\t\t<div class=\"elementor-cta\">\n\t\t\t\t\t<div class=\"elementor-cta__bg-wrapper\">\n\t\t\t\t<div class=\"elementor-cta__bg elementor-bg\" style=\"background-image: url(https:\/\/zelasas.com\/wp-content\/uploads\/2024\/07\/CareersPage-Img_1.jpg);\" role=\"img\" aria-label=\"CareersPage-Img_1.jpg\"><\/div>\n\t\t\t\t<div class=\"elementor-cta__bg-overlay\"><\/div>\n\t\t\t<\/div>\n\t\t\t\t\t\t\t\t<\/div>\n\t\t\t\t\t\t<\/div>\n\t\t\t\t<\/div>\n\t\t\t\t<div class=\"elementor-element elementor-element-759d415c elementor-cta--skin-classic elementor-animated-content elementor-bg-transform elementor-bg-transform-zoom-in elementor-widget elementor-widget-call-to-action\" data-id=\"759d415c\" data-element_type=\"widget\" data-settings=\"{&quot;motion_fx_motion_fx_scrolling&quot;:&quot;yes&quot;,&quot;motion_fx_translateY_effect&quot;:&quot;yes&quot;,&quot;motion_fx_translateY_affectedRange&quot;:{&quot;unit&quot;:&quot;%&quot;,&quot;size&quot;:&quot;&quot;,&quot;sizes&quot;:{&quot;start&quot;:50,&quot;end&quot;:100}},&quot;motion_fx_translateY_speed&quot;:{&quot;unit&quot;:&quot;px&quot;,&quot;size&quot;:4,&quot;sizes&quot;:[]},&quot;motion_fx_devices&quot;:[&quot;widescreen&quot;,&quot;desktop&quot;,&quot;laptop&quot;,&quot;tablet_extra&quot;,&quot;tablet&quot;,&quot;mobile_extra&quot;,&quot;mobile&quot;]}\" data-widget_type=\"call-to-action.default\">\n\t\t\t\t<div class=\"elementor-widget-container\">\n\t\t\t\t\t\t\t<div class=\"elementor-cta\">\n\t\t\t\t\t<div class=\"elementor-cta__bg-wrapper\">\n\t\t\t\t<div class=\"elementor-cta__bg elementor-bg\" style=\"background-image: url(https:\/\/zelasas.com\/wp-content\/uploads\/2024\/07\/CareersPage-Img_2.jpg);\" role=\"img\" aria-label=\"CareersPage-Img_2.jpg\"><\/div>\n\t\t\t\t<div class=\"elementor-cta__bg-overlay\"><\/div>\n\t\t\t<\/div>\n\t\t\t\t\t\t\t\t<\/div>\n\t\t\t\t\t\t<\/div>\n\t\t\t\t<\/div>\n\t\t\t\t<\/div>\n\t\t<div class=\"elementor-element elementor-element-53b54782 e-con-full e-flex e-con e-child\" data-id=\"53b54782\" data-element_type=\"container\">\n\t\t\t\t<div class=\"elementor-element elementor-element-74a256ff elementor-widget__width-initial elementor-absolute elementor-widget-laptop__width-initial elementor-widget elementor-widget-spacer\" data-id=\"74a256ff\" data-element_type=\"widget\" data-settings=\"{&quot;_position&quot;:&quot;absolute&quot;}\" data-widget_type=\"spacer.default\">\n\t\t\t\t<div class=\"elementor-widget-container\">\n\t\t\t\t\t\t\t<div class=\"elementor-spacer\">\n\t\t\t<div class=\"elementor-spacer-inner\"><\/div>\n\t\t<\/div>\n\t\t\t\t\t\t<\/div>\n\t\t\t\t<\/div>\n\t\t\t\t<div class=\"elementor-element elementor-element-2403ba72 elementor-invisible elementor-widget elementor-widget-heading\" data-id=\"2403ba72\" data-element_type=\"widget\" data-settings=\"{&quot;_animation&quot;:&quot;fadeInUp&quot;}\" data-widget_type=\"heading.default\">\n\t\t\t\t<div class=\"elementor-widget-container\">\n\t\t\t\t\t<h3 class=\"elementor-heading-title elementor-size-default\">En nuestro blog<\/h3>\t\t\t\t<\/div>\n\t\t\t\t<\/div>\n\t\t\t\t<div class=\"elementor-element elementor-element-1406c857 elementor-widget elementor-widget-text-editor\" data-id=\"1406c857\" data-element_type=\"widget\" data-widget_type=\"text-editor.default\">\n\t\t\t\t<div class=\"elementor-widget-container\">\n\t\t\t\t\t\t\t\t\t<p>compartimos conocimientos y perspectivas sobre Gesti\u00f3n Integral de Riesgos, Anal\u00edtica y cumplimiento empresarial. Aqu\u00ed encontrar\u00e1s art\u00edculos que te ayudar\u00e1n a entender mejor las estrategias para fortalecer la sostenibilidad y el \u00e9xito de tu negocio, bas\u00e1ndonos en nuestra experiencia y compromiso con la excelencia. \u00danete a nosotros mientras exploramos c\u00f3mo hacer lo correcto para garantizar un crecimiento seguro y responsable.<\/p>\t\t\t\t\t\t\t\t<\/div>\n\t\t\t\t<\/div>\n\t\t\t\t<\/div>\n\t\t\t\t\t<\/div>\n\t\t\t\t<\/div>\n\t\t<div class=\"elementor-element elementor-element-70981d36 e-flex e-con-boxed e-con e-parent\" data-id=\"70981d36\" data-element_type=\"container\">\n\t\t\t\t\t<div class=\"e-con-inner\">\n\t\t\t\t<div class=\"elementor-element elementor-element-a9ee24d elementor-posts__hover-none elementor-posts--align-left elementor-grid-3 elementor-grid-tablet-2 elementor-grid-mobile-1 elementor-posts--thumbnail-top elementor-widget elementor-widget-posts\" data-id=\"a9ee24d\" data-element_type=\"widget\" data-settings=\"{&quot;cards_row_gap&quot;:{&quot;unit&quot;:&quot;px&quot;,&quot;size&quot;:80,&quot;sizes&quot;:[]},&quot;cards_row_gap_tablet&quot;:{&quot;unit&quot;:&quot;px&quot;,&quot;size&quot;:71,&quot;sizes&quot;:[]},&quot;cards_row_gap_mobile&quot;:{&quot;unit&quot;:&quot;px&quot;,&quot;size&quot;:30,&quot;sizes&quot;:[]},&quot;cards_columns&quot;:&quot;3&quot;,&quot;cards_columns_tablet&quot;:&quot;2&quot;,&quot;cards_columns_mobile&quot;:&quot;1&quot;,&quot;cards_row_gap_widescreen&quot;:{&quot;unit&quot;:&quot;px&quot;,&quot;size&quot;:&quot;&quot;,&quot;sizes&quot;:[]},&quot;cards_row_gap_laptop&quot;:{&quot;unit&quot;:&quot;px&quot;,&quot;size&quot;:&quot;&quot;,&quot;sizes&quot;:[]},&quot;cards_row_gap_tablet_extra&quot;:{&quot;unit&quot;:&quot;px&quot;,&quot;size&quot;:&quot;&quot;,&quot;sizes&quot;:[]},&quot;cards_row_gap_mobile_extra&quot;:{&quot;unit&quot;:&quot;px&quot;,&quot;size&quot;:&quot;&quot;,&quot;sizes&quot;:[]}}\" data-widget_type=\"posts.cards\">\n\t\t\t\t<div class=\"elementor-widget-container\">\n\t\t\t\t\t\t\t<div class=\"elementor-posts-container elementor-posts elementor-posts--skin-cards elementor-grid\">\n\t\t\t\t<article class=\"elementor-post elementor-grid-item post-404 post type-post status-publish format-standard has-post-thumbnail hentry category-blog\">\n\t\t\t<div class=\"elementor-post__card\">\n\t\t\t\t<a class=\"elementor-post__thumbnail__link\" href=\"https:\/\/zelasas.com\/index.php\/2024\/07\/30\/gestion-del-riesgo-de-lavado-de-activos-financiacion-del-terrorismo-y-proliferacion-de-armas-de-destruccion-masiva-la-ft-fpadm\/\" tabindex=\"-1\" ><div class=\"elementor-post__thumbnail\"><img fetchpriority=\"high\" decoding=\"async\" width=\"1200\" height=\"800\" src=\"https:\/\/zelasas.com\/wp-content\/uploads\/2024\/07\/gestion-de-riesgo-1200x800-1.jpg\" class=\"attachment-full size-full wp-image-405\" alt=\"\" srcset=\"https:\/\/zelasas.com\/wp-content\/uploads\/2024\/07\/gestion-de-riesgo-1200x800-1.jpg 1200w, https:\/\/zelasas.com\/wp-content\/uploads\/2024\/07\/gestion-de-riesgo-1200x800-1-300x200.jpg 300w, https:\/\/zelasas.com\/wp-content\/uploads\/2024\/07\/gestion-de-riesgo-1200x800-1-1024x683.jpg 1024w, https:\/\/zelasas.com\/wp-content\/uploads\/2024\/07\/gestion-de-riesgo-1200x800-1-768x512.jpg 768w\" sizes=\"(max-width: 1200px) 100vw, 1200px\" \/><\/div><\/a>\n\t\t\t\t<div class=\"elementor-post__text\">\n\t\t\t\t<h4 class=\"elementor-post__title\">\n\t\t\t<a href=\"https:\/\/zelasas.com\/index.php\/2024\/07\/30\/gestion-del-riesgo-de-lavado-de-activos-financiacion-del-terrorismo-y-proliferacion-de-armas-de-destruccion-masiva-la-ft-fpadm\/\" >\n\t\t\t\tGesti\u00f3n del Riesgo de Lavado de Activos, Financiaci\u00f3n del Terrorismo y Proliferaci\u00f3n de Armas de Destrucci\u00f3n Masiva (LA\/FT\/FPADM)\t\t\t<\/a>\n\t\t<\/h4>\n\t\t\t\t<div class=\"elementor-post__excerpt\">\n\t\t\t<p>En el entorno empresarial actual, es crucial para empresarios y emprendedores gestionar sus negocios con responsabilidad, seguridad y cumplimiento normativo.\t\t<\/div>\n\t\t\n\t\t<a class=\"elementor-post__read-more\" href=\"https:\/\/zelasas.com\/index.php\/2024\/07\/30\/gestion-del-riesgo-de-lavado-de-activos-financiacion-del-terrorismo-y-proliferacion-de-armas-de-destruccion-masiva-la-ft-fpadm\/\" aria-label=\"Read more about Gesti\u00f3n del Riesgo de Lavado de Activos, Financiaci\u00f3n del Terrorismo y Proliferaci\u00f3n de Armas de Destrucci\u00f3n Masiva (LA\/FT\/FPADM)\" tabindex=\"-1\" >\n\t\t\tLeer art\u00edculo\t\t<\/a>\n\n\t\t\t\t<\/div>\n\t\t\t\t\t<\/div>\n\t\t<\/article>\n\t\t\t\t<article class=\"elementor-post elementor-grid-item post-401 post type-post status-publish format-standard has-post-thumbnail hentry category-blog\">\n\t\t\t<div class=\"elementor-post__card\">\n\t\t\t\t<a class=\"elementor-post__thumbnail__link\" href=\"https:\/\/zelasas.com\/index.php\/2024\/07\/30\/hacia-el-camino-de-la-independencia-y-autonomia-del-oficial-de-cumplimiento\/\" tabindex=\"-1\" ><div class=\"elementor-post__thumbnail\"><img decoding=\"async\" width=\"1200\" height=\"847\" src=\"https:\/\/zelasas.com\/wp-content\/uploads\/2024\/07\/blog1-1200x847-1.png\" class=\"attachment-full size-full wp-image-402\" alt=\"\" srcset=\"https:\/\/zelasas.com\/wp-content\/uploads\/2024\/07\/blog1-1200x847-1.png 1200w, https:\/\/zelasas.com\/wp-content\/uploads\/2024\/07\/blog1-1200x847-1-300x212.png 300w, https:\/\/zelasas.com\/wp-content\/uploads\/2024\/07\/blog1-1200x847-1-1024x723.png 1024w, https:\/\/zelasas.com\/wp-content\/uploads\/2024\/07\/blog1-1200x847-1-768x542.png 768w\" sizes=\"(max-width: 1200px) 100vw, 1200px\" \/><\/div><\/a>\n\t\t\t\t<div class=\"elementor-post__text\">\n\t\t\t\t<h4 class=\"elementor-post__title\">\n\t\t\t<a href=\"https:\/\/zelasas.com\/index.php\/2024\/07\/30\/hacia-el-camino-de-la-independencia-y-autonomia-del-oficial-de-cumplimiento\/\" >\n\t\t\t\tHacia el camino de la independencia y autonom\u00eda del Oficial de Cumplimiento\t\t\t<\/a>\n\t\t<\/h4>\n\t\t\t\t<div class=\"elementor-post__excerpt\">\n\t\t\t<p>En este art\u00edculo me quiero referir a uno de los aspectos que considero m\u00e1s importantes y novedosos de la norma\t\t<\/div>\n\t\t\n\t\t<a class=\"elementor-post__read-more\" href=\"https:\/\/zelasas.com\/index.php\/2024\/07\/30\/hacia-el-camino-de-la-independencia-y-autonomia-del-oficial-de-cumplimiento\/\" aria-label=\"Read more about Hacia el camino de la independencia y autonom\u00eda del Oficial de Cumplimiento\" tabindex=\"-1\" >\n\t\t\tLeer art\u00edculo\t\t<\/a>\n\n\t\t\t\t<\/div>\n\t\t\t\t\t<\/div>\n\t\t<\/article>\n\t\t\t\t<article class=\"elementor-post elementor-grid-item post-397 post type-post status-publish format-standard has-post-thumbnail hentry category-blog\">\n\t\t\t<div class=\"elementor-post__card\">\n\t\t\t\t<a class=\"elementor-post__thumbnail__link\" href=\"https:\/\/zelasas.com\/index.php\/2024\/07\/30\/sostenibilidad-rentabilidad-hacer-lo-correcto\/\" tabindex=\"-1\" ><div class=\"elementor-post__thumbnail\"><img decoding=\"async\" width=\"508\" height=\"359\" src=\"https:\/\/zelasas.com\/wp-content\/uploads\/2024\/07\/sostenibilidad-rentabilidad.png\" class=\"attachment-full size-full wp-image-398\" alt=\"\" srcset=\"https:\/\/zelasas.com\/wp-content\/uploads\/2024\/07\/sostenibilidad-rentabilidad.png 508w, https:\/\/zelasas.com\/wp-content\/uploads\/2024\/07\/sostenibilidad-rentabilidad-300x212.png 300w\" sizes=\"(max-width: 508px) 100vw, 508px\" \/><\/div><\/a>\n\t\t\t\t<div class=\"elementor-post__text\">\n\t\t\t\t<h4 class=\"elementor-post__title\">\n\t\t\t<a href=\"https:\/\/zelasas.com\/index.php\/2024\/07\/30\/sostenibilidad-rentabilidad-hacer-lo-correcto\/\" >\n\t\t\t\tSostenibilidad + Rentabilidad = Hacer lo correcto\t\t\t<\/a>\n\t\t<\/h4>\n\t\t\t\t<div class=\"elementor-post__excerpt\">\n\t\t\t<p>Mantener a los clientes es esencial para la sostenibilidad y rentabilidad de una empresa, pero esto solo se logra haciendo\t\t<\/div>\n\t\t\n\t\t<a class=\"elementor-post__read-more\" href=\"https:\/\/zelasas.com\/index.php\/2024\/07\/30\/sostenibilidad-rentabilidad-hacer-lo-correcto\/\" aria-label=\"Read more about Sostenibilidad + Rentabilidad = Hacer lo correcto\" tabindex=\"-1\" >\n\t\t\tLeer art\u00edculo\t\t<\/a>\n\n\t\t\t\t<\/div>\n\t\t\t\t\t<\/div>\n\t\t<\/article>\n\t\t\t\t<article class=\"elementor-post elementor-grid-item post-374 post type-post status-publish format-standard has-post-thumbnail hentry category-blog\">\n\t\t\t<div class=\"elementor-post__card\">\n\t\t\t\t<a class=\"elementor-post__thumbnail__link\" href=\"https:\/\/zelasas.com\/index.php\/2024\/07\/30\/responsabilidad-del-revisor-fiscal-en-la-gestion-del-riesgo-de-lavado-de-activos-y-financiacion-del-terrorismo\/\" tabindex=\"-1\" ><div class=\"elementor-post__thumbnail\"><img loading=\"lazy\" decoding=\"async\" width=\"1200\" height=\"847\" src=\"https:\/\/zelasas.com\/wp-content\/uploads\/2024\/07\/Lavdo-de-activos-1200x847-1.png\" class=\"attachment-full size-full wp-image-366\" alt=\"\" srcset=\"https:\/\/zelasas.com\/wp-content\/uploads\/2024\/07\/Lavdo-de-activos-1200x847-1.png 1200w, https:\/\/zelasas.com\/wp-content\/uploads\/2024\/07\/Lavdo-de-activos-1200x847-1-300x212.png 300w, https:\/\/zelasas.com\/wp-content\/uploads\/2024\/07\/Lavdo-de-activos-1200x847-1-1024x723.png 1024w, https:\/\/zelasas.com\/wp-content\/uploads\/2024\/07\/Lavdo-de-activos-1200x847-1-768x542.png 768w\" sizes=\"(max-width: 1200px) 100vw, 1200px\" \/><\/div><\/a>\n\t\t\t\t<div class=\"elementor-post__text\">\n\t\t\t\t<h4 class=\"elementor-post__title\">\n\t\t\t<a href=\"https:\/\/zelasas.com\/index.php\/2024\/07\/30\/responsabilidad-del-revisor-fiscal-en-la-gestion-del-riesgo-de-lavado-de-activos-y-financiacion-del-terrorismo\/\" >\n\t\t\t\tResponsabilidad del Revisor Fiscal en la Gesti\u00f3n del Riesgo de Lavado de Activos y Financiaci\u00f3n del Terrorismo\t\t\t<\/a>\n\t\t<\/h4>\n\t\t\t\t<div class=\"elementor-post__excerpt\">\n\t\t\t<p>Este art\u00edculo clarifica la responsabilidad de los Revisores Fiscales en la gesti\u00f3n de riesgos de Lavado de Activos y Financiaci\u00f3n\t\t<\/div>\n\t\t\n\t\t<a class=\"elementor-post__read-more\" href=\"https:\/\/zelasas.com\/index.php\/2024\/07\/30\/responsabilidad-del-revisor-fiscal-en-la-gestion-del-riesgo-de-lavado-de-activos-y-financiacion-del-terrorismo\/\" aria-label=\"Read more about Responsabilidad del Revisor Fiscal en la Gesti\u00f3n del Riesgo de Lavado de Activos y Financiaci\u00f3n del Terrorismo\" tabindex=\"-1\" >\n\t\t\tLeer art\u00edculo\t\t<\/a>\n\n\t\t\t\t<\/div>\n\t\t\t\t\t<\/div>\n\t\t<\/article>\n\t\t\t\t<\/div>\n\t\t\n\t\t\t\t\t\t<\/div>\n\t\t\t\t<\/div>\n\t\t\t\t\t<\/div>\n\t\t\t\t<\/div>\n\t\t<div class=\"elementor-element elementor-element-2d70f7e8 e-con-full e-flex e-con e-parent\" data-id=\"2d70f7e8\" data-element_type=\"container\" data-settings=\"{&quot;background_background&quot;:&quot;classic&quot;}\">\n\t\t<div class=\"elementor-element elementor-element-67bdf9c6 e-con-full e-flex e-con e-child\" data-id=\"67bdf9c6\" data-element_type=\"container\" data-settings=\"{&quot;background_background&quot;:&quot;classic&quot;}\">\n\t\t\t\t<\/div>\n\t\t<div class=\"elementor-element elementor-element-286e8da3 e-con-full e-flex e-con e-child\" data-id=\"286e8da3\" data-element_type=\"container\" data-settings=\"{&quot;background_background&quot;:&quot;classic&quot;}\">\n\t\t\t\t<div class=\"elementor-element elementor-element-490854c0 elementor-widget elementor-widget-heading\" data-id=\"490854c0\" data-element_type=\"widget\" data-widget_type=\"heading.default\">\n\t\t\t\t<div class=\"elementor-widget-container\">\n\t\t\t\t\t<p class=\"elementor-heading-title elementor-size-default\">Suscribirse a nuestro newsletter\n<\/p>\t\t\t\t<\/div>\n\t\t\t\t<\/div>\n\t\t\t\t<div class=\"elementor-element elementor-element-511b265 elementor-button-align-end elementor-widget elementor-widget-form\" data-id=\"511b265\" data-element_type=\"widget\" data-settings=\"{&quot;step_next_label&quot;:&quot;Next&quot;,&quot;step_previous_label&quot;:&quot;Previous&quot;,&quot;button_width&quot;:&quot;100&quot;,&quot;step_type&quot;:&quot;number_text&quot;,&quot;step_icon_shape&quot;:&quot;circle&quot;}\" data-widget_type=\"form.default\">\n\t\t\t\t<div class=\"elementor-widget-container\">\n\t\t\t\t\t\t\t<form class=\"elementor-form\" method=\"post\" name=\"Contact Form\">\n\t\t\t<input type=\"hidden\" name=\"post_id\" value=\"355\"\/>\n\t\t\t<input type=\"hidden\" name=\"form_id\" value=\"511b265\"\/>\n\t\t\t<input type=\"hidden\" name=\"referer_title\" value=\"Blog\" \/>\n\n\t\t\t\t\t\t\t<input type=\"hidden\" name=\"queried_id\" value=\"355\"\/>\n\t\t\t\n\t\t\t<div class=\"elementor-form-fields-wrapper elementor-labels-\">\n\t\t\t\t\t\t\t\t<div class=\"elementor-field-type-text elementor-field-group elementor-column elementor-field-group-name elementor-col-50\">\n\t\t\t\t\t\t\t\t\t\t\t\t<label for=\"form-field-name\" class=\"elementor-field-label elementor-screen-only\">\n\t\t\t\t\t\t\t\tFull Name\t\t\t\t\t\t\t<\/label>\n\t\t\t\t\t\t\t\t\t\t\t\t\t\t<input size=\"1\" type=\"text\" name=\"form_fields[name]\" id=\"form-field-name\" class=\"elementor-field elementor-size-md  elementor-field-textual\" placeholder=\"Nombre\">\n\t\t\t\t\t\t\t\t\t\t\t<\/div>\n\t\t\t\t\t\t\t\t<div class=\"elementor-field-type-email elementor-field-group elementor-column elementor-field-group-email elementor-col-50 elementor-field-required\">\n\t\t\t\t\t\t\t\t\t\t\t\t<label for=\"form-field-email\" class=\"elementor-field-label elementor-screen-only\">\n\t\t\t\t\t\t\t\tEmail\t\t\t\t\t\t\t<\/label>\n\t\t\t\t\t\t\t\t\t\t\t\t\t\t<input size=\"1\" type=\"email\" name=\"form_fields[email]\" id=\"form-field-email\" class=\"elementor-field elementor-size-md  elementor-field-textual\" placeholder=\"Email\" required=\"required\" aria-required=\"true\">\n\t\t\t\t\t\t\t\t\t\t\t<\/div>\n\t\t\t\t\t\t\t\t<div class=\"elementor-field-type-tel elementor-field-group elementor-column elementor-field-group-field_d4c28c7 elementor-col-50\">\n\t\t\t\t\t\t\t\t\t\t\t\t<label for=\"form-field-field_d4c28c7\" class=\"elementor-field-label elementor-screen-only\">\n\t\t\t\t\t\t\t\tPhone\t\t\t\t\t\t\t<\/label>\n\t\t\t\t\t\t\t\t<input size=\"1\" type=\"tel\" name=\"form_fields[field_d4c28c7]\" id=\"form-field-field_d4c28c7\" class=\"elementor-field elementor-size-md  elementor-field-textual\" placeholder=\"Tel\u00e9fono\" pattern=\"[0-9()#&amp;+*-=.]+\" title=\"Only numbers and phone characters (#, -, *, etc) are accepted.\">\n\n\t\t\t\t\t\t<\/div>\n\t\t\t\t\t\t\t\t<div class=\"elementor-field-type-select elementor-field-group elementor-column elementor-field-group-field_2a73769 elementor-col-50\">\n\t\t\t\t\t\t\t\t\t\t\t\t<label for=\"form-field-field_2a73769\" class=\"elementor-field-label elementor-screen-only\">\n\t\t\t\t\t\t\t\tSubject\t\t\t\t\t\t\t<\/label>\n\t\t\t\t\t\t\t\t<div class=\"elementor-field elementor-select-wrapper remove-before \">\n\t\t\t<div class=\"select-caret-down-wrapper\">\n\t\t\t\t<svg aria-hidden=\"true\" class=\"e-font-icon-svg e-eicon-caret-down\" viewBox=\"0 0 571.4 571.4\" xmlns=\"http:\/\/www.w3.org\/2000\/svg\"><path d=\"M571 393Q571 407 561 418L311 668Q300 679 286 679T261 668L11 418Q0 407 0 393T11 368 36 357H536Q550 357 561 368T571 393Z\"><\/path><\/svg>\t\t\t<\/div>\n\t\t\t<select name=\"form_fields[field_2a73769]\" id=\"form-field-field_2a73769\" class=\"elementor-field-textual elementor-size-md\">\n\t\t\t\t\t\t\t\t\t<option value=\"Gesti\u00f3n Integral del Riesgo\">Gesti\u00f3n Integral del Riesgo<\/option>\n\t\t\t\t\t\t\t\t\t<option value=\"Cumplimiento e Integridad Empresarial\">Cumplimiento e Integridad Empresarial<\/option>\n\t\t\t\t\t\t\t\t\t<option value=\"Revisor\u00eda Fiscal y Auditor\u00eda\">Revisor\u00eda Fiscal y Auditor\u00eda<\/option>\n\t\t\t\t\t\t\t\t\t<option value=\"Zela Conocimiento\">Zela Conocimiento<\/option>\n\t\t\t\t\t\t\t\t\t<option value=\"Zela Analytics\">Zela Analytics<\/option>\n\t\t\t\t\t\t\t\t\t<option value=\"Zela Integrity\">Zela Integrity<\/option>\n\t\t\t\t\t\t\t<\/select>\n\t\t<\/div>\n\t\t\t\t\t\t<\/div>\n\t\t\t\t\t\t\t\t<div class=\"elementor-field-type-textarea elementor-field-group elementor-column elementor-field-group-message elementor-col-100\">\n\t\t\t\t\t\t\t\t\t\t\t\t<label for=\"form-field-message\" class=\"elementor-field-label elementor-screen-only\">\n\t\t\t\t\t\t\t\tTell Us More\t\t\t\t\t\t\t<\/label>\n\t\t\t\t\t\t<textarea class=\"elementor-field-textual elementor-field  elementor-size-md\" name=\"form_fields[message]\" id=\"form-field-message\" rows=\"4\" placeholder=\"Mensaje\"><\/textarea>\t\t\t\t<\/div>\n\t\t\t\t\t\t\t\t<div class=\"elementor-field-type-acceptance elementor-field-group elementor-column elementor-field-group-field_c9f02aa elementor-col-100 elementor-field-required\">\n\t\t\t\t\t\t\t\t\t\t\t\t<label for=\"form-field-field_c9f02aa\" class=\"elementor-field-label elementor-screen-only\">\n\t\t\t\t\t\t\t\tPoliticas\t\t\t\t\t\t\t<\/label>\n\t\t\t\t\t\t\t\t<div class=\"elementor-field-subgroup\">\n\t\t\t<span class=\"elementor-field-option\">\n\t\t\t\t<input type=\"checkbox\" name=\"form_fields[field_c9f02aa]\" id=\"form-field-field_c9f02aa\" class=\"elementor-field elementor-size-md  elementor-acceptance-field\" required=\"required\" aria-required=\"true\" checked=\"checked\">\n\t\t\t\t<label for=\"form-field-field_c9f02aa\">He le\u00eddo, estoy de acuerdo y acepto la <a href=\"https:\/\/zelasas.com\/wp-content\/uploads\/2024\/09\/Politica-de-Tratamiento-de-Datos-Personales-Pagina-Web.pdf\"\n    target=\"_blank\">Pol\u00edtica de Privacidad<\/a>. Autorizo el tratamiento de mis datos personales con fines legales y\npermito a ZELA CONSULTOR\u00cdA Y AUDITOR\u00cdA a tratar, almacenar, y procesar mis datos conforme su pol\u00edtica.\n<br \/>\nConozca nuestra <a href=\"https:\/\/zelasas.com\/wp-content\/uploads\/2024\/09\/Politica-de-Tratamiento-de-Datos-Personales-Pagina-Web.pdf\" target=\"_blank\">Pol\u00edtica de\n    Privacidad<\/a>. En cualquier momento podr\u00e1 ejercer los derechos de conocer, actualizar, rectificar o solicitar la\nsupresi\u00f3n de sus datos personales.<\/label>\t\t\t<\/span>\n\t\t<\/div>\n\t\t\t\t\t\t<\/div>\n\t\t\t\t\t\t\t\t<div class=\"elementor-field-type-recaptcha_v3 elementor-field-group elementor-column elementor-field-group-field_76e211e elementor-col-100 recaptcha_v3-bottomright\">\n\t\t\t\t\t<div class=\"elementor-field\" id=\"form-field-field_76e211e\"><div class=\"elementor-g-recaptcha\" data-sitekey=\"6LeL01oqAAAAAHDVvssPymgGds-vrdTlc8BHyd7j\" data-type=\"v3\" data-action=\"Form\" data-badge=\"bottomright\" data-size=\"invisible\"><\/div><\/div>\t\t\t\t<\/div>\n\t\t\t\t\t\t\t\t<div class=\"elementor-field-group elementor-column elementor-field-type-submit elementor-col-100 e-form__buttons\">\n\t\t\t\t\t<button class=\"elementor-button elementor-size-md\" type=\"submit\">\n\t\t\t\t\t\t<span class=\"elementor-button-content-wrapper\">\n\t\t\t\t\t\t\t\t\t\t\t\t\t\t\t\t\t\t\t\t\t\t<span class=\"elementor-button-text\">Enviar \u27f6<\/span>\n\t\t\t\t\t\t\t\t\t\t\t\t\t<\/span>\n\t\t\t\t\t<\/button>\n\t\t\t\t<\/div>\n\t\t\t<\/div>\n\t\t<\/form>\n\t\t\t\t\t\t<\/div>\n\t\t\t\t<\/div>\n\t\t\t\t<\/div>\n\t\t\t\t<\/div>\n\t\t\t\t<\/div>\n\t\t","protected":false},"excerpt":{"rendered":"<p>En nuestro blog compartimos conocimientos y perspectivas sobre Gesti\u00f3n Integral de Riesgos, Anal\u00edtica y cumplimiento empresarial. Aqu\u00ed encontrar\u00e1s art\u00edculos que te ayudar\u00e1n a entender mejor las estrategias para fortalecer la sostenibilidad y el \u00e9xito de tu negocio, bas\u00e1ndonos en nuestra experiencia y compromiso con la excelencia. \u00danete a nosotros mientras exploramos c\u00f3mo hacer lo correcto [&hellip;]<\/p>\n","protected":false},"author":1,"featured_media":0,"parent":0,"menu_order":0,"comment_status":"closed","ping_status":"closed","template":"elementor_header_footer","meta":{"footnotes":""},"class_list":["post-355","page","type-page","status-publish","hentry"],"_links":{"self":[{"href":"https:\/\/zelasas.com\/index.php\/wp-json\/wp\/v2\/pages\/355","targetHints":{"allow":["GET"]}}],"collection":[{"href":"https:\/\/zelasas.com\/index.php\/wp-json\/wp\/v2\/pages"}],"about":[{"href":"https:\/\/zelasas.com\/index.php\/wp-json\/wp\/v2\/types\/page"}],"author":[{"embeddable":true,"href":"https:\/\/zelasas.com\/index.php\/wp-json\/wp\/v2\/users\/1"}],"replies":[{"embeddable":true,"href":"https:\/\/zelasas.com\/index.php\/wp-json\/wp\/v2\/comments?post=355"}],"version-history":[{"count":65,"href":"https:\/\/zelasas.com\/index.php\/wp-json\/wp\/v2\/pages\/355\/revisions"}],"predecessor-version":[{"id":2731,"href":"https:\/\/zelasas.com\/index.php\/wp-json\/wp\/v2\/pages\/355\/revisions\/2731"}],"wp:attachment":[{"href":"https:\/\/zelasas.com\/index.php\/wp-json\/wp\/v2\/media?parent=355"}],"curies":[{"name":"wp","href":"https:\/\/api.w.org\/{rel}","templated":true}]}}